{"id":388511,"date":"2023-01-02T16:01:11","date_gmt":"2023-01-02T16:01:11","guid":{"rendered":"https:\/\/elmasferrer.com\/producto\/magnum-rosalia\/"},"modified":"2024-04-02T11:42:55","modified_gmt":"2024-04-02T11:42:55","slug":"magnum-15-lts-rosalia","status":"publish","type":"product","link":"https:\/\/elmasferrer.com\/ca\/producto\/magnum-15-lts-rosalia\/","title":{"rendered":"M\u00c1GNUM 1,5 LTS ROSALIA"},"content":{"rendered":"<p>[et_pb_section fb_built=&#8221;1&#8243; _builder_version=&#8221;4.16&#8243; custom_padding=&#8221;0px||||false|false&#8221; global_colors_info=&#8221;{}&#8221;][et_pb_row _builder_version=&#8221;4.16&#8243; background_size=&#8221;initial&#8221; background_position=&#8221;top_left&#8221; background_repeat=&#8221;repeat&#8221; width=&#8221;100%&#8221; custom_padding=&#8221;0px||0px||false|false&#8221; global_colors_info=&#8221;{}&#8221;][et_pb_column type=&#8221;4_4&#8243; _builder_version=&#8221;4.16&#8243; custom_padding=&#8221;|||&#8221; global_colors_info=&#8221;{}&#8221; custom_padding__hover=&#8221;|||&#8221;][et_pb_wc_breadcrumb _builder_version=&#8221;4.19.1&#8243; global_colors_info=&#8221;{}&#8221;][\/et_pb_wc_breadcrumb][et_pb_wc_cart_notice _builder_version=&#8221;4.16&#8243; global_colors_info=&#8221;{}&#8221;][\/et_pb_wc_cart_notice][\/et_pb_column][\/et_pb_row][et_pb_row column_structure=&#8221;1_2,1_2&#8243; _builder_version=&#8221;4.16&#8243; background_size=&#8221;initial&#8221; background_position=&#8221;top_left&#8221; background_repeat=&#8221;repeat&#8221; width=&#8221;100%&#8221; custom_padding=&#8221;0px||||false|false&#8221; global_colors_info=&#8221;{}&#8221;][et_pb_column type=&#8221;1_2&#8243; _builder_version=&#8221;4.16&#8243; custom_padding=&#8221;|||&#8221; global_colors_info=&#8221;{}&#8221; custom_padding__hover=&#8221;|||&#8221;][et_pb_wc_images _builder_version=&#8221;4.19.1&#8243; global_colors_info=&#8221;{}&#8221;][\/et_pb_wc_images][\/et_pb_column][et_pb_column type=&#8221;1_2&#8243; _builder_version=&#8221;4.16&#8243; custom_padding=&#8221;|||&#8221; global_colors_info=&#8221;{}&#8221; custom_padding__hover=&#8221;|||&#8221;][et_pb_wc_title _builder_version=&#8221;4.19.1&#8243; global_colors_info=&#8221;{}&#8221;][\/et_pb_wc_title][et_pb_wc_rating _builder_version=&#8221;4.19.1&#8243; global_colors_info=&#8221;{}&#8221;][\/et_pb_wc_rating][et_pb_wc_price _builder_version=&#8221;4.19.1&#8243; global_colors_info=&#8221;{}&#8221;][\/et_pb_wc_price][et_pb_wc_description _builder_version=&#8221;4.19.1&#8243; global_colors_info=&#8221;{}&#8221;][\/et_pb_wc_description][et_pb_wc_add_to_cart _builder_version=&#8221;4.19.1&#8243; global_colors_info=&#8221;{}&#8221;][\/et_pb_wc_add_to_cart][et_pb_wc_meta _builder_version=&#8221;4.19.1&#8243; global_colors_info=&#8221;{}&#8221;][\/et_pb_wc_meta][\/et_pb_column][\/et_pb_row][et_pb_row _builder_version=&#8221;4.16&#8243; background_size=&#8221;initial&#8221; background_position=&#8221;top_left&#8221; background_repeat=&#8221;repeat&#8221; width=&#8221;100%&#8221; global_colors_info=&#8221;{}&#8221;][et_pb_column type=&#8221;4_4&#8243; _builder_version=&#8221;4.16&#8243; custom_padding=&#8221;|||&#8221; global_colors_info=&#8221;{}&#8221; custom_padding__hover=&#8221;|||&#8221;][et_pb_wc_tabs _builder_version=&#8221;4.19.1&#8243; global_colors_info=&#8221;{}&#8221;] [\/et_pb_wc_tabs][et_pb_wc_upsells _builder_version=&#8221;4.19.1&#8243; global_colors_info=&#8221;{}&#8221;][\/et_pb_wc_upsells][et_pb_wc_related_products _builder_version=&#8221;4.19.1&#8243; global_colors_info=&#8221;{}&#8221;][\/et_pb_wc_related_products][\/et_pb_column][\/et_pb_row][\/et_pb_section]<\/p>\n","protected":false},"excerpt":{"rendered":"","protected":false},"featured_media":388285,"comment_status":"open","ping_status":"closed","template":"","meta":{"_acf_changed":false,"_et_pb_use_builder":"on","_et_pb_old_content":"<strong>Collita<\/strong>: 2019. Embotellat al febrer 2020.\r\n<strong>Varietats<\/strong>: Macabeu 36%, Xarel\u00b7lo 37% i Parellada 27%.\r\n<strong>Temps de crian\u00e7a<\/strong>: +<span class=\"hiddenGreenError\">20<\/span>\u00a0mesos en ampolla, degolli recent, remogut de les ampolles i aclarit manual en pupitres.\r\nSucre residual afegit: 2 gr.\/l.\r\n<strong>PH<\/strong>: 2,94 Acideses: 5,80 g\/l\r\n<strong>Grau alcoh\u00f2lic<\/strong>: 11,5%\r\n<strong>Temperatura de servei<\/strong>: 4t \/ 8 \u00b0C.\r\n<strong>Nota de tast<\/strong>: Color groc brillant, aroma intensa amb fines aromes de crian\u00e7a, una certa frescor de flors i polpa de c\u00edtrics, bombolles molt fines. Boca-sec, amarg\u00f3s, excel\u00b7lent acidesa c\u00edtrica. Fresc i elegant.\r\n<strong>Maridatge<\/strong>: Ideal per a acompanyar en qualsevol aperitiu, perfecte amb peixos grassos, pat\u00e9s i viandes blanques guisades o rostides.","_et_gb_content_width":""},"product_brand":[],"product_cat":[73],"product_tag":[],"class_list":{"0":"post-388511","1":"product","2":"type-product","3":"status-publish","4":"has-post-thumbnail","6":"product_cat-cava-ca","8":"first","9":"instock","10":"shipping-taxable","11":"purchasable","12":"product-type-simple"},"acf":[],"yoast_head":"<!-- This site is optimized with the Yoast SEO plugin v27.5 - https:\/\/yoast.com\/product\/yoast-seo-wordpress\/ -->\n<title>M\u00c1GNUM 1,5 LTS ROSALIA - El Mas Ferrer<\/title>\n<meta name=\"robots\" content=\"index, follow, max-snippet:-1, max-image-preview:large, max-video-preview:-1\" \/>\n<link rel=\"canonical\" href=\"https:\/\/elmasferrer.com\/ca\/producto\/magnum-15-lts-rosalia\/\" \/>\n<meta property=\"og:locale\" content=\"ca_ES\" \/>\n<meta property=\"og:type\" content=\"article\" \/>\n<meta property=\"og:title\" content=\"M\u00c1GNUM 1,5 LTS ROSALIA - El Mas Ferrer\" \/>\n<meta property=\"og:url\" content=\"https:\/\/elmasferrer.com\/ca\/producto\/magnum-15-lts-rosalia\/\" \/>\n<meta property=\"og:site_name\" content=\"El Mas Ferrer\" \/>\n<meta property=\"article:publisher\" content=\"https:\/\/www.facebook.com\/caveselmasferrer\/\" \/>\n<meta property=\"article:modified_time\" content=\"2024-04-02T11:42:55+00:00\" \/>\n<meta property=\"og:image\" content=\"https:\/\/elmasferrer.com\/wp-content\/uploads\/2023\/01\/MAGNUM-ROSALIA.jpg\" \/>\n\t<meta property=\"og:image:width\" content=\"503\" \/>\n\t<meta property=\"og:image:height\" content=\"1030\" \/>\n\t<meta property=\"og:image:type\" content=\"image\/jpeg\" \/>\n<meta name=\"twitter:card\" content=\"summary_large_image\" \/>\n<meta name=\"twitter:site\" content=\"@MasCaves\" \/>\n<meta name=\"twitter:label1\" content=\"Temps estimat de lectura\" \/>\n\t<meta name=\"twitter:data1\" content=\"2 minuts\" \/>\n<script type=\"application\/ld+json\" class=\"yoast-schema-graph\">{\"@context\":\"https:\\\/\\\/schema.org\",\"@graph\":[{\"@type\":\"WebPage\",\"@id\":\"https:\\\/\\\/elmasferrer.com\\\/ca\\\/producto\\\/magnum-15-lts-rosalia\\\/\",\"url\":\"https:\\\/\\\/elmasferrer.com\\\/ca\\\/producto\\\/magnum-15-lts-rosalia\\\/\",\"name\":\"M\u00c1GNUM 1,5 LTS ROSALIA - El Mas Ferrer\",\"isPartOf\":{\"@id\":\"https:\\\/\\\/elmasferrer.com\\\/#website\"},\"primaryImageOfPage\":{\"@id\":\"https:\\\/\\\/elmasferrer.com\\\/ca\\\/producto\\\/magnum-15-lts-rosalia\\\/#primaryimage\"},\"image\":{\"@id\":\"https:\\\/\\\/elmasferrer.com\\\/ca\\\/producto\\\/magnum-15-lts-rosalia\\\/#primaryimage\"},\"thumbnailUrl\":\"https:\\\/\\\/elmasferrer.com\\\/wp-content\\\/uploads\\\/2023\\\/01\\\/MAGNUM-ROSALIA.jpg\",\"datePublished\":\"2023-01-02T16:01:11+00:00\",\"dateModified\":\"2024-04-02T11:42:55+00:00\",\"breadcrumb\":{\"@id\":\"https:\\\/\\\/elmasferrer.com\\\/ca\\\/producto\\\/magnum-15-lts-rosalia\\\/#breadcrumb\"},\"inLanguage\":\"ca\",\"potentialAction\":[{\"@type\":\"ReadAction\",\"target\":[\"https:\\\/\\\/elmasferrer.com\\\/ca\\\/producto\\\/magnum-15-lts-rosalia\\\/\"]}]},{\"@type\":\"ImageObject\",\"inLanguage\":\"ca\",\"@id\":\"https:\\\/\\\/elmasferrer.com\\\/ca\\\/producto\\\/magnum-15-lts-rosalia\\\/#primaryimage\",\"url\":\"https:\\\/\\\/elmasferrer.com\\\/wp-content\\\/uploads\\\/2023\\\/01\\\/MAGNUM-ROSALIA.jpg\",\"contentUrl\":\"https:\\\/\\\/elmasferrer.com\\\/wp-content\\\/uploads\\\/2023\\\/01\\\/MAGNUM-ROSALIA.jpg\",\"width\":503,\"height\":1030},{\"@type\":\"BreadcrumbList\",\"@id\":\"https:\\\/\\\/elmasferrer.com\\\/ca\\\/producto\\\/magnum-15-lts-rosalia\\\/#breadcrumb\",\"itemListElement\":[{\"@type\":\"ListItem\",\"position\":1,\"name\":\"Portada\",\"item\":\"https:\\\/\\\/elmasferrer.com\\\/\"},{\"@type\":\"ListItem\",\"position\":2,\"name\":\"Tienda\",\"item\":\"https:\\\/\\\/elmasferrer.com\\\/tienda\\\/\"},{\"@type\":\"ListItem\",\"position\":3,\"name\":\"M\u00c1GNUM 1,5 LTS ROSALIA\"}]},{\"@type\":\"WebSite\",\"@id\":\"https:\\\/\\\/elmasferrer.com\\\/#website\",\"url\":\"https:\\\/\\\/elmasferrer.com\\\/\",\"name\":\"El Mas Ferrer\",\"description\":\"Cava i vi de la bodega a casa\",\"publisher\":{\"@id\":\"https:\\\/\\\/elmasferrer.com\\\/#organization\"},\"potentialAction\":[{\"@type\":\"SearchAction\",\"target\":{\"@type\":\"EntryPoint\",\"urlTemplate\":\"https:\\\/\\\/elmasferrer.com\\\/?s={search_term_string}\"},\"query-input\":{\"@type\":\"PropertyValueSpecification\",\"valueRequired\":true,\"valueName\":\"search_term_string\"}}],\"inLanguage\":\"ca\"},{\"@type\":\"Organization\",\"@id\":\"https:\\\/\\\/elmasferrer.com\\\/#organization\",\"name\":\"El Mas Ferrer\",\"url\":\"https:\\\/\\\/elmasferrer.com\\\/\",\"logo\":{\"@type\":\"ImageObject\",\"inLanguage\":\"ca\",\"@id\":\"https:\\\/\\\/elmasferrer.com\\\/#\\\/schema\\\/logo\\\/image\\\/\",\"url\":\"https:\\\/\\\/elmasferrer.com\\\/wp-content\\\/uploads\\\/2022\\\/01\\\/logomail.png\",\"contentUrl\":\"https:\\\/\\\/elmasferrer.com\\\/wp-content\\\/uploads\\\/2022\\\/01\\\/logomail.png\",\"width\":600,\"height\":284,\"caption\":\"El Mas Ferrer\"},\"image\":{\"@id\":\"https:\\\/\\\/elmasferrer.com\\\/#\\\/schema\\\/logo\\\/image\\\/\"},\"sameAs\":[\"https:\\\/\\\/www.facebook.com\\\/caveselmasferrer\\\/\",\"https:\\\/\\\/x.com\\\/MasCaves\",\"https:\\\/\\\/www.instagram.com\\\/elmasferrer\\\/\"]}]}<\/script>\n<!-- \/ Yoast SEO plugin. -->","yoast_head_json":{"title":"M\u00c1GNUM 1,5 LTS ROSALIA - El Mas Ferrer","robots":{"index":"index","follow":"follow","max-snippet":"max-snippet:-1","max-image-preview":"max-image-preview:large","max-video-preview":"max-video-preview:-1"},"canonical":"https:\/\/elmasferrer.com\/ca\/producto\/magnum-15-lts-rosalia\/","og_locale":"ca_ES","og_type":"article","og_title":"M\u00c1GNUM 1,5 LTS ROSALIA - El Mas Ferrer","og_url":"https:\/\/elmasferrer.com\/ca\/producto\/magnum-15-lts-rosalia\/","og_site_name":"El Mas Ferrer","article_publisher":"https:\/\/www.facebook.com\/caveselmasferrer\/","article_modified_time":"2024-04-02T11:42:55+00:00","og_image":[{"width":503,"height":1030,"url":"https:\/\/elmasferrer.com\/wp-content\/uploads\/2023\/01\/MAGNUM-ROSALIA.jpg","type":"image\/jpeg"}],"twitter_card":"summary_large_image","twitter_site":"@MasCaves","twitter_misc":{"Temps estimat de lectura":"2 minuts"},"schema":{"@context":"https:\/\/schema.org","@graph":[{"@type":"WebPage","@id":"https:\/\/elmasferrer.com\/ca\/producto\/magnum-15-lts-rosalia\/","url":"https:\/\/elmasferrer.com\/ca\/producto\/magnum-15-lts-rosalia\/","name":"M\u00c1GNUM 1,5 LTS ROSALIA - El Mas Ferrer","isPartOf":{"@id":"https:\/\/elmasferrer.com\/#website"},"primaryImageOfPage":{"@id":"https:\/\/elmasferrer.com\/ca\/producto\/magnum-15-lts-rosalia\/#primaryimage"},"image":{"@id":"https:\/\/elmasferrer.com\/ca\/producto\/magnum-15-lts-rosalia\/#primaryimage"},"thumbnailUrl":"https:\/\/elmasferrer.com\/wp-content\/uploads\/2023\/01\/MAGNUM-ROSALIA.jpg","datePublished":"2023-01-02T16:01:11+00:00","dateModified":"2024-04-02T11:42:55+00:00","breadcrumb":{"@id":"https:\/\/elmasferrer.com\/ca\/producto\/magnum-15-lts-rosalia\/#breadcrumb"},"inLanguage":"ca","potentialAction":[{"@type":"ReadAction","target":["https:\/\/elmasferrer.com\/ca\/producto\/magnum-15-lts-rosalia\/"]}]},{"@type":"ImageObject","inLanguage":"ca","@id":"https:\/\/elmasferrer.com\/ca\/producto\/magnum-15-lts-rosalia\/#primaryimage","url":"https:\/\/elmasferrer.com\/wp-content\/uploads\/2023\/01\/MAGNUM-ROSALIA.jpg","contentUrl":"https:\/\/elmasferrer.com\/wp-content\/uploads\/2023\/01\/MAGNUM-ROSALIA.jpg","width":503,"height":1030},{"@type":"BreadcrumbList","@id":"https:\/\/elmasferrer.com\/ca\/producto\/magnum-15-lts-rosalia\/#breadcrumb","itemListElement":[{"@type":"ListItem","position":1,"name":"Portada","item":"https:\/\/elmasferrer.com\/"},{"@type":"ListItem","position":2,"name":"Tienda","item":"https:\/\/elmasferrer.com\/tienda\/"},{"@type":"ListItem","position":3,"name":"M\u00c1GNUM 1,5 LTS ROSALIA"}]},{"@type":"WebSite","@id":"https:\/\/elmasferrer.com\/#website","url":"https:\/\/elmasferrer.com\/","name":"El Mas Ferrer","description":"Cava i vi de la bodega a casa","publisher":{"@id":"https:\/\/elmasferrer.com\/#organization"},"potentialAction":[{"@type":"SearchAction","target":{"@type":"EntryPoint","urlTemplate":"https:\/\/elmasferrer.com\/?s={search_term_string}"},"query-input":{"@type":"PropertyValueSpecification","valueRequired":true,"valueName":"search_term_string"}}],"inLanguage":"ca"},{"@type":"Organization","@id":"https:\/\/elmasferrer.com\/#organization","name":"El Mas Ferrer","url":"https:\/\/elmasferrer.com\/","logo":{"@type":"ImageObject","inLanguage":"ca","@id":"https:\/\/elmasferrer.com\/#\/schema\/logo\/image\/","url":"https:\/\/elmasferrer.com\/wp-content\/uploads\/2022\/01\/logomail.png","contentUrl":"https:\/\/elmasferrer.com\/wp-content\/uploads\/2022\/01\/logomail.png","width":600,"height":284,"caption":"El Mas Ferrer"},"image":{"@id":"https:\/\/elmasferrer.com\/#\/schema\/logo\/image\/"},"sameAs":["https:\/\/www.facebook.com\/caveselmasferrer\/","https:\/\/x.com\/MasCaves","https:\/\/www.instagram.com\/elmasferrer\/"]}]}},"_links":{"self":[{"href":"https:\/\/elmasferrer.com\/ca\/wp-json\/wp\/v2\/product\/388511","targetHints":{"allow":["GET"]}}],"collection":[{"href":"https:\/\/elmasferrer.com\/ca\/wp-json\/wp\/v2\/product"}],"about":[{"href":"https:\/\/elmasferrer.com\/ca\/wp-json\/wp\/v2\/types\/product"}],"replies":[{"embeddable":true,"href":"https:\/\/elmasferrer.com\/ca\/wp-json\/wp\/v2\/comments?post=388511"}],"wp:featuredmedia":[{"embeddable":true,"href":"https:\/\/elmasferrer.com\/ca\/wp-json\/wp\/v2\/media\/388285"}],"wp:attachment":[{"href":"https:\/\/elmasferrer.com\/ca\/wp-json\/wp\/v2\/media?parent=388511"}],"wp:term":[{"taxonomy":"product_brand","embeddable":true,"href":"https:\/\/elmasferrer.com\/ca\/wp-json\/wp\/v2\/product_brand?post=388511"},{"taxonomy":"product_cat","embeddable":true,"href":"https:\/\/elmasferrer.com\/ca\/wp-json\/wp\/v2\/product_cat?post=388511"},{"taxonomy":"product_tag","embeddable":true,"href":"https:\/\/elmasferrer.com\/ca\/wp-json\/wp\/v2\/product_tag?post=388511"}],"curies":[{"name":"wp","href":"https:\/\/api.w.org\/{rel}","templated":true}]}}